{"id":15560,"date":"2024-01-17T12:32:54","date_gmt":"2024-01-17T12:32:54","guid":{"rendered":"https:\/\/www.hayathospital.net\/?page_id=15560"},"modified":"2024-01-17T12:32:55","modified_gmt":"2024-01-17T12:32:55","slug":"laser-hemorrhoid-treatment-2-2-2","status":"publish","type":"page","link":"https:\/\/www.hayathospital.net\/sq\/trajtimi-i-dhimbjes-se-gjurit","title":{"rendered":"Trajtimi i dhimbjes s\u00eb gjurit"},"content":{"rendered":"\t\t<div data-elementor-type=\"wp-page\" data-elementor-id=\"15560\" class=\"elementor elementor-15560\" data-elementor-settings=\"[]\">\n\t\t\t\t\t\t\t<div class=\"elementor-section-wrap\">\n\t\t\t\t\t        <section class=\"elementor-section elementor-top-section elementor-element elementor-element-536b772 elementor-section-boxed elementor-section-height-default elementor-section-height-default\" data-id=\"536b772\" data-element_type=\"section\">\n            \n                        <div class=\"elementor-container elementor-column-gap-default \">\n                    <div class=\"elementor-column elementor-col-100 elementor-top-column elementor-element elementor-element-6adc163\" data-id=\"6adc163\" data-element_type=\"column\">\n            <div class=\"elementor-widget-wrap elementor-element-populated\">\n                        \t\t<div class=\"elementor-element elementor-element-59e6d73 elementor-widget elementor-widget-image\" data-id=\"59e6d73\" data-element_type=\"widget\" data-widget_type=\"image.default\">\n\t\t\t\t<div class=\"elementor-widget-container\">\n\t\t\t\t\t\t\t\t\t\t\t\t\t\t\t<img src=\"https:\/\/www.hayathospital.net\/wp-content\/uploads\/2024\/01\/Arnavutc\u0327a-Slider-2.png\" title=\"Arnavutc\u0327a Slider (2)\" alt=\"Arnavutc\u0327a Slider (2)\" \/>\t\t\t\t\t\t\t\t\t\t\t\t\t\t\t<\/div>\n\t\t\t\t<\/div>\n\t\t            <\/div>\n        <\/div>\n                            <\/div>\n        <\/section>\n                <section class=\"elementor-section elementor-top-section elementor-element elementor-element-801c700 elementor-section-boxed elementor-section-height-default elementor-section-height-default\" data-id=\"801c700\" data-element_type=\"section\">\n            \n                        <div class=\"elementor-container elementor-column-gap-default \">\n                    <div class=\"elementor-column elementor-col-50 elementor-top-column elementor-element elementor-element-a128a78\" data-id=\"a128a78\" data-element_type=\"column\">\n            <div class=\"elementor-widget-wrap elementor-element-populated\">\n                        \t\t<div class=\"elementor-element elementor-element-965b774 elementor-widget elementor-widget-text-editor\" data-id=\"965b774\" data-element_type=\"widget\" data-widget_type=\"text-editor.default\">\n\t\t\t\t<div class=\"elementor-widget-container\">\n\t\t\t\t\t\t\t\t<h5><strong>Trajtimi i dhimbjes s\u00eb gjurit<\/strong><\/h5><p><span style=\"color: #000000;\">Dhimbja e shpatullave \u00ebsht\u00eb nj\u00eb problem i zakonsh\u00ebm sh\u00ebndet\u00ebsor q\u00eb ndikon negativisht n\u00eb jet\u00ebn e p\u00ebrditshme t\u00eb shum\u00eb njer\u00ebzve.\u00a0 Dhimbja e shpatullave mund t\u00eb shoq\u00ebrohet me mosh\u00ebn, nivelin e aktivitetit ose l\u00ebndimet, por mund t\u00eb kontrollohet me trajtimin dhe kujdesin e duhur.<\/span><\/p><h5><span style=\"color: #000000;\"><strong>Shkaqet e dhimbjes s\u00eb shpatullave<\/strong><\/span><\/h5><p><span style=\"color: #000000;\">Dhimbja e shpatullave mund t\u00eb ndodh\u00eb p\u00ebr shum\u00eb arsye t\u00eb ndryshme.\u00a0 Kjo perfshin:<\/span><\/p><ul><li><span style=\"color: #000000;\">L\u00ebndimet e manshet\u00ebs rrotulluese: Kat\u00ebr muskujt kryesor\u00eb t\u00eb manshet\u00ebs rrotulluese t\u00eb shpatull\u00ebs jan\u00eb nj\u00eb shkak i zakonsh\u00ebm i dhimbjes s\u00eb shpatull\u00ebs. K\u00ebta muskuj mund t\u00eb \u00e7ahen ose t\u00eb inflamohen.<\/span><\/li><li><span style=\"color: #000000;\">Tendiniti dhe Bursiti: Inflamacioni i tendinave t\u00eb shpatullave ose bursave mund t\u00eb shkaktoj\u00eb dhimbje. K\u00ebto kushte mund t\u00eb ndodhin si rezultat i p\u00ebrdorimit t\u00eb tep\u00ebrt ose traum\u00ebs.<\/span><\/li><li><span style=\"color: #000000;\">Problemet e ky\u00e7eve t\u00eb shpatullave: nyja e shpatullave mund t\u00eb shkaktoj\u00eb dhimbje p\u00ebr shkak t\u00eb s\u00ebmundjeve t\u00eb ky\u00e7eve si osteoartriti ose artriti reumatoid.<\/span><\/li><li><span style=\"color: #000000;\">Problemet e q\u00ebndrimit: Q\u00ebndrimi i gabuar mund t\u00eb kontribuoj\u00eb n\u00eb dhimbjen e shpatullave.<\/span><\/li><\/ul><h5><span style=\"color: #000000;\"><strong><br \/>Trajtimi i dhimbjes s\u00eb shpatullave<\/strong><\/span><\/h5><p><span style=\"color: #000000;\">Trajtimi i dhimbjes s\u00eb shpatullave mund t\u00eb ndryshoj\u00eb n\u00eb var\u00ebsi t\u00eb shkakut dhe ashp\u00ebrsis\u00eb s\u00eb dhimbjes.<\/span><\/p><ul><li><span style=\"color: #000000;\">Medikamentet: Ila\u00e7et kund\u00ebr dhimbjeve, ila\u00e7et anti-inflamatore ose relaksuesit e muskujve mund t\u00eb ndihmojn\u00eb n\u00eb leht\u00ebsimin e dhimbjeve t\u00eb shpatullave.<\/span><\/li><li><span style=\"color: #000000;\">Terapia fizike: Programet e terapis\u00eb fizike luajn\u00eb nj\u00eb rol t\u00eb r\u00ebnd\u00ebsish\u00ebm n\u00eb menaxhimin e dhimbjes s\u00eb shpatullave. K\u00ebto programe jan\u00eb krijuar p\u00ebr t\u00eb forcuar muskujt e shpatullave, p\u00ebr t\u00eb rritur fleksibilitetin dhe q\u00ebndrimin e duhur.<\/span><\/li><li><span style=\"color: #000000;\">Injeksione: Mjeku juaj mund t\u00eb rekomandoj\u00eb injeksione steroide ose injeksione PRP (trombocite t\u00eb pasuruara me plazm\u00eb) n\u00eb zon\u00ebn e shpatullave.<\/span><\/li><li><span style=\"color: #000000;\">Nd\u00ebrhyrja kirurgjikale: N\u00eb rastet q\u00eb nuk i p\u00ebrgjigjen medikamenteve dhe trajtimeve t\u00eb tjera, mund t\u00eb merret n\u00eb konsiderat\u00eb operacioni i shpatull\u00ebs.<\/span><\/li><li><span style=\"color: #000000;\">Metodat alternative t\u00eb trajtimit: Metodat alternative t\u00eb trajtimit si akupunktura, joga ose terapi masazh mund t\u00eb jen\u00eb efektive n\u00eb leht\u00ebsimin e dhimbjeve t\u00eb shpatullave p\u00ebr disa njer\u00ebz.<\/span><\/li><\/ul><h5><span style=\"color: #000000;\"><strong><br \/>Si t\u00eb parandaloni dhimbjet e shpatullave?<\/strong><\/span><\/h5><p><span style=\"color: #000000;\">Ju mund t\u00eb nd\u00ebrmerrni hapat e m\u00ebposht\u00ebm p\u00ebr t\u00eb parandaluar dhimbjen e shpatullave: Forconi rregullisht muskujt e shpatullave dhe rrisni fleksibilitetin.\u00a0 Mbani q\u00ebndrimin e duhur dhe ngrini objektet e r\u00ebnda n\u00eb m\u00ebnyr\u00eb korrekte.\u00a0 P\u00ebrdorni teknikat e duhura dhe shmangni p\u00ebrdorimin e tep\u00ebrt kur ushtroheni.<\/span><\/p><p><span style=\"color: #000000;\"><strong>Trajtimi i dhimbjes s\u00eb shpatullave \u00ebsht\u00eb individual dhe mund t\u00eb jet\u00eb i ndrysh\u00ebm p\u00ebr \u00e7do pacient.\u00a0 N\u00ebse keni dhimbje n\u00eb shpatull, kontaktoni menj\u00ebher\u00eb konsulentin ton\u00eb sh\u00ebndet\u00ebsor p\u00ebr t\u00eb m\u00ebsuar opsionet e duhura t\u00eb trajtimit dhe p\u00ebr t\u00eb hapur dyert p\u00ebr nj\u00eb jet\u00eb t\u00eb sh\u00ebndetshme!<\/strong><\/span><\/p>\t\t\t\t\t\t<\/div>\n\t\t\t\t<\/div>\n\t\t            <\/div>\n        <\/div>\n                <div class=\"elementor-column elementor-col-50 elementor-top-column elementor-element elementor-element-935b3da\" data-id=\"935b3da\" data-element_type=\"column\">\n            <div class=\"elementor-widget-wrap elementor-element-populated\">\n                        \t\t<div class=\"elementor-element elementor-element-a29e00f elementor-widget elementor-widget-image\" data-id=\"a29e00f\" data-element_type=\"widget\" data-widget_type=\"image.default\">\n\t\t\t\t<div class=\"elementor-widget-container\">\n\t\t\t\t\t\t\t\t\t\t\t\t\t\t\t<img width=\"640\" height=\"640\" src=\"https:\/\/www.hayathospital.net\/wp-content\/uploads\/2023\/10\/Na-de\u0308rgoni-te\u0308-gjitha-pyetjet-tuaja-ne\u0308-lidhje-me-dhimbjen-e-mesit-247.png\" class=\"attachment-large size-large\" alt=\"\" srcset=\"https:\/\/www.hayathospital.net\/wp-content\/uploads\/2023\/10\/Na-de\u0308rgoni-te\u0308-gjitha-pyetjet-tuaja-ne\u0308-lidhje-me-dhimbjen-e-mesit-247.png 1024w, https:\/\/www.hayathospital.net\/wp-content\/uploads\/2023\/10\/Na-de\u0308rgoni-te\u0308-gjitha-pyetjet-tuaja-ne\u0308-lidhje-me-dhimbjen-e-mesit-247-300x300.png 300w, https:\/\/www.hayathospital.net\/wp-content\/uploads\/2023\/10\/Na-de\u0308rgoni-te\u0308-gjitha-pyetjet-tuaja-ne\u0308-lidhje-me-dhimbjen-e-mesit-247-150x150.png 150w, https:\/\/www.hayathospital.net\/wp-content\/uploads\/2023\/10\/Na-de\u0308rgoni-te\u0308-gjitha-pyetjet-tuaja-ne\u0308-lidhje-me-dhimbjen-e-mesit-247-768x768.png 768w, https:\/\/www.hayathospital.net\/wp-content\/uploads\/2023\/10\/Na-de\u0308rgoni-te\u0308-gjitha-pyetjet-tuaja-ne\u0308-lidhje-me-dhimbjen-e-mesit-247-700x700.png 700w, https:\/\/www.hayathospital.net\/wp-content\/uploads\/2023\/10\/Na-de\u0308rgoni-te\u0308-gjitha-pyetjet-tuaja-ne\u0308-lidhje-me-dhimbjen-e-mesit-247-600x600.png 600w, https:\/\/www.hayathospital.net\/wp-content\/uploads\/2023\/10\/Na-de\u0308rgoni-te\u0308-gjitha-pyetjet-tuaja-ne\u0308-lidhje-me-dhimbjen-e-mesit-247-100x100.png 100w\" sizes=\"(max-width: 640px) 100vw, 640px\" \/>\t\t\t\t\t\t\t\t\t\t\t\t\t\t\t<\/div>\n\t\t\t\t<\/div>\n\t\t\t\t<div class=\"elementor-element elementor-element-f98b4db elementor-widget-divider--view-line elementor-widget elementor-widget-divider\" data-id=\"f98b4db\" data-element_type=\"widget\" data-widget_type=\"divider.default\">\n\t\t\t\t<div class=\"elementor-widget-container\">\n\t\t\t\t\t<div class=\"elementor-divider\">\n\t\t\t<span class=\"elementor-divider-separator\">\n\t\t\t\t\t\t<\/span>\n\t\t<\/div>\n\t\t\t\t<\/div>\n\t\t\t\t<\/div>\n\t\t\t\t<div class=\"elementor-element elementor-element-3a40cb1 elementor-widget elementor-widget-cms_ctf7\" data-id=\"3a40cb1\" data-element_type=\"widget\" data-widget_type=\"cms_ctf7.default\">\n\t\t\t\t<div class=\"elementor-widget-container\">\n\t\t\t    <div id=\"cms_ctf7-3a40cb1\" class=\"cms-contact-form style1\">\r\n        <div class=\"cms-contact-form-inner\">\r\n        \t            <div role=\"form\" class=\"wpcf7\" id=\"wpcf7-f12974-o1\" lang=\"en-US\" dir=\"ltr\">\n<div class=\"screen-reader-response\"><p role=\"status\" aria-live=\"polite\" aria-atomic=\"true\"><\/p> <ul><\/ul><\/div>\n<form action=\"\/sq\/wp-json\/wp\/v2\/pages\/15560#wpcf7-f12974-o1\" method=\"post\" class=\"wpcf7-form init\" novalidate=\"novalidate\" data-status=\"init\">\n<div style=\"display: none;\">\n<input type=\"hidden\" name=\"_wpcf7\" value=\"12974\" \/>\n<input type=\"hidden\" name=\"_wpcf7_version\" value=\"5.4.2\" \/>\n<input type=\"hidden\" name=\"_wpcf7_locale\" value=\"en_US\" \/>\n<input type=\"hidden\" name=\"_wpcf7_unit_tag\" value=\"wpcf7-f12974-o1\" \/>\n<input type=\"hidden\" name=\"_wpcf7_container_post\" value=\"0\" \/>\n<input type=\"hidden\" name=\"_wpcf7_posted_data_hash\" value=\"\" \/>\n<input type=\"hidden\" name=\"_wpcf7_recaptcha_response\" value=\"\" \/>\n<\/div>\n<h4 style=\"margin-bottom: 17px;\">International Patient Info Form<\/h4>\n<p style=\"font-size: 15px; margin-bottom: 32px;\">How can we help you?\n<\/p>\n\n<div class=\"row\">\n    <div class=\"col-sm-12 col-md-6 col-lg-6\">\n        <div class=\"cms-input name-wrap\"><span class=\"wpcf7-form-control-wrap your-name\"><input type=\"text\" name=\"your-name\" value=\"\" size=\"40\" class=\"wpcf7-form-control wpcf7-text wpcf7-validates-as-required\" aria-required=\"true\" aria-invalid=\"false\" placeholder=\"Your Name Surname:\" \/><\/span><\/div>\n    <\/div>\n    <div class=\"col-sm-12 col-md-6 col-lg-6\">\n        <div class=\"cms-input email-wrap\"><span class=\"wpcf7-form-control-wrap your-email\"><input type=\"email\" name=\"your-email\" value=\"\" size=\"40\" class=\"wpcf7-form-control wpcf7-text wpcf7-email wpcf7-validates-as-required wpcf7-validates-as-email\" aria-required=\"true\" aria-invalid=\"false\" placeholder=\"Your E-Mail:\" \/><\/span><\/div>\n    <\/div>\n<\/div>\n\n<div class=\"row\">\n    <div class=\"col-12\">\n        <div class=\"cms-input phone-wrap\"><span class=\"wpcf7-form-control-wrap your-phone\"><input type=\"text\" name=\"your-phone\" value=\"\" size=\"40\" class=\"wpcf7-form-control wpcf7-text wpcf7-validates-as-required\" aria-required=\"true\" aria-invalid=\"false\" placeholder=\"Your Phone:\" \/><\/span><\/div>\n    <\/div>\n<\/div>\n\n<div class=\"row\">\n    <div class=\"col-12\">\n        <div class=\"cms-input\"><span class=\"wpcf7-form-control-wrap your-message\"><textarea name=\"your-message\" cols=\"40\" rows=\"10\" class=\"wpcf7-form-control wpcf7-textarea wpcf7-validates-as-required\" aria-required=\"true\" aria-invalid=\"false\" placeholder=\"Your Message &amp; Complaints:\"><\/textarea><\/span><\/div>\n    <\/div>\n<\/div>\n\n<div class=\"row\" style=\"margin-top: 10px;\">\n    <div class=\"col-12\">\n      <button type=\"submit\" class=\"wpcf7-submit btn btn-secondary btn-fullwidth\" style=\"\n    padding: 10px 20px; border-radius: 35px;\n\">SUBMIT <i aria-hidden=\"true\" class=\"material zmdi zmdi-arrow-right\"><\/i><\/button>\n    <\/div>\n<\/div><div class=\"wpcf7-response-output\" aria-hidden=\"true\"><\/div><\/form><\/div>        <\/div>\r\n    <\/div>\r\n\t\t<\/div>\n\t\t\t\t<\/div>\n\t\t            <\/div>\n        <\/div>\n                            <\/div>\n        <\/section>\n                <section class=\"elementor-section elementor-top-section elementor-element elementor-element-469a8a6 elementor-section-boxed elementor-section-height-default elementor-section-height-default\" data-id=\"469a8a6\" data-element_type=\"section\">\n            \n                        <div class=\"elementor-container elementor-column-gap-default \">\n                    <div class=\"elementor-column elementor-col-100 elementor-top-column elementor-element elementor-element-bef0e8f\" data-id=\"bef0e8f\" data-element_type=\"column\">\n            <div class=\"elementor-widget-wrap elementor-element-populated\">\n                        \t\t<div class=\"elementor-element elementor-element-c9a3ff0 elementor-widget-divider--view-line elementor-widget elementor-widget-divider\" data-id=\"c9a3ff0\" data-element_type=\"widget\" data-widget_type=\"divider.default\">\n\t\t\t\t<div class=\"elementor-widget-container\">\n\t\t\t\t\t<div class=\"elementor-divider\">\n\t\t\t<span class=\"elementor-divider-separator\">\n\t\t\t\t\t\t<\/span>\n\t\t<\/div>\n\t\t\t\t<\/div>\n\t\t\t\t<\/div>\n\t\t\t\t<div class=\"elementor-element elementor-element-5348cad elementor-aspect-ratio-169 elementor-widget elementor-widget-video\" data-id=\"5348cad\" data-element_type=\"widget\" data-settings=\"{&quot;youtube_url&quot;:&quot;https:\\\/\\\/www.youtube.com\\\/watch?v=fHKM4Dk2R4U&quot;,&quot;video_type&quot;:&quot;youtube&quot;,&quot;controls&quot;:&quot;yes&quot;,&quot;aspect_ratio&quot;:&quot;169&quot;}\" data-widget_type=\"video.default\">\n\t\t\t\t<div class=\"elementor-widget-container\">\n\t\t\t\t\t<div class=\"elementor-wrapper elementor-fit-aspect-ratio elementor-open-inline\">\n\t\t\t<div class=\"elementor-video\"><\/div>\t\t<\/div>\n\t\t\t\t<\/div>\n\t\t\t\t<\/div>\n\t\t            <\/div>\n        <\/div>\n                            <\/div>\n        <\/section>\n        \t\t\t\t<\/div>\n\t\t\t\t\t<\/div>\n\t\t","protected":false},"excerpt":{"rendered":"<p>Trajtimi i dhimbjes s\u00eb gjurit Dhimbja e shpatullave \u00ebsht\u00eb nj\u00eb problem i zakonsh\u00ebm sh\u00ebndet\u00ebsor q\u00eb ndikon negativisht n\u00eb jet\u00ebn e p\u00ebrditshme t\u00eb shum\u00eb njer\u00ebzve.\u00a0 Dhimbja e shpatullave mund t\u00eb shoq\u00ebrohet me mosh\u00ebn, nivelin e aktivitetit ose l\u00ebndimet, por mund t\u00eb kontrollohet me trajtimin dhe kujdesin e duhur. Shkaqet e dhimbjes s\u00eb shpatullave Dhimbja e shpatullave [&hellip;]<\/p>\n","protected":false},"author":1,"featured_media":0,"parent":0,"menu_order":2,"comment_status":"closed","ping_status":"closed","template":"","meta":[],"_links":{"self":[{"href":"https:\/\/www.hayathospital.net\/sq\/wp-json\/wp\/v2\/pages\/15560"}],"collection":[{"href":"https:\/\/www.hayathospital.net\/sq\/wp-json\/wp\/v2\/pages"}],"about":[{"href":"https:\/\/www.hayathospital.net\/sq\/wp-json\/wp\/v2\/types\/page"}],"author":[{"embeddable":true,"href":"https:\/\/www.hayathospital.net\/sq\/wp-json\/wp\/v2\/users\/1"}],"replies":[{"embeddable":true,"href":"https:\/\/www.hayathospital.net\/sq\/wp-json\/wp\/v2\/comments?post=15560"}],"version-history":[{"count":6,"href":"https:\/\/www.hayathospital.net\/sq\/wp-json\/wp\/v2\/pages\/15560\/revisions"}],"predecessor-version":[{"id":15571,"href":"https:\/\/www.hayathospital.net\/sq\/wp-json\/wp\/v2\/pages\/15560\/revisions\/15571"}],"wp:attachment":[{"href":"https:\/\/www.hayathospital.net\/sq\/wp-json\/wp\/v2\/media?parent=15560"}],"curies":[{"name":"wp","href":"https:\/\/api.w.org\/{rel}","templated":true}]}}